{"id":1153,"date":"2016-03-26T18:12:18","date_gmt":"2016-03-26T18:12:18","guid":{"rendered":"http:\/\/danielaunger.com\/autor\/?page_id=1153"},"modified":"2020-09-14T17:58:44","modified_gmt":"2020-09-14T17:58:44","slug":"bio-2","status":"publish","type":"page","link":"http:\/\/danielaunger.com\/autor\/bio-2\/","title":{"rendered":"Bio"},"content":{"rendered":"<p><img loading=\"lazy\" decoding=\"async\" class=\"alignleft size-medium wp-image-1500 pp_post_image\" src=\"http:\/\/danielaunger.com\/autor\/wp-content\/uploads\/2016\/03\/DANIELA_0400-cuadrada-289x300.jpg\" alt=\"\" width=\"289\" height=\"300\" srcset=\"http:\/\/danielaunger.com\/autor\/wp-content\/uploads\/2016\/03\/DANIELA_0400-cuadrada-289x300.jpg 289w, http:\/\/danielaunger.com\/autor\/wp-content\/uploads\/2016\/03\/DANIELA_0400-cuadrada-768x798.jpg 768w, http:\/\/danielaunger.com\/autor\/wp-content\/uploads\/2016\/03\/DANIELA_0400-cuadrada-986x1024.jpg 986w, http:\/\/danielaunger.com\/autor\/wp-content\/uploads\/2016\/03\/DANIELA_0400-cuadrada-560x582.jpg 560w\" sizes=\"auto, (max-width: 289px) 100vw, 289px\" \/>Daniela Unger\u00a0(1978, Brighton)<\/p>\n<p>Autora mexicana con estudios en artes visuales, interesada en narrar historias desde lo autobiogr\u00e1fico. Ha participado en varias exposiciones de su trabajo de manera colectiva e individual en M\u00e9xico, Estados Unidos, \u00a0Chile, Uruguay\u00a0 y otros pa\u00edses. La fotograf\u00eda es el cuerpo principal de su trabajo pero ahora se encuentra explorando con la escritura, video, \u00a0sonido e intervenci\u00f3n de texto. En 2019 su trabajo fue seleccionado por el concurso Latin American Fotograf\u00eda y recibi\u00f3 una distinci\u00f3n especial para exponer su trabajo en la ciudad de Nueva York.\u00a0 En 2018 realiz\u00f3 un libro de artista fotoqu\u00edmico titulado Pac\u00edfico en Santiago de Chile y ese mismo a\u00f1o fue seleccionada para exponer en la muestra central del Festival Internacional San Jos\u00e9 Foto en Uruguay; en 2017 trabaj\u00f3 en colaboraci\u00f3n con cinco artistas chilenos la elaboraci\u00f3n de un fotolibro y exhibici\u00f3n para el Festival Internacional de Valpara\u00edso en Chile. Ha sido parte de distintas publicaciones en cat\u00e1logos impresos y en distintas plataformas virtuales en los \u00faltimos cinco a\u00f1os. \u00a0Este a\u00f1o realiz\u00f3 distintas maquetas para la producci\u00f3n de su nuevo fotolibro \u00bfCu\u00e1nto viven las casas? con el apoyo y colaboraci\u00f3n del programa Incubadora Fotolibros 2019, en Hydra. Actualmente est\u00e1 por imprimir este libro junto a la editorial Inframundo.<\/p>\n<p>&nbsp;<\/p>\n<p>Daniela Unger\u00a0(1978, Brighton)<\/p>\n<p>Mexican photographer, storyteller and mother. Her interests are related with themes\u00a0about identity, family, memory, the journey and territory. She is part of the actual\u00a0photobook program \u201cIncubadora 2019\u201d at Hydra in Mexico City\u00a0(http:\/\/hydra.lat\/inicio\/incubadorafotolibros19\/ )\u00a0She appeals to explore in autobiographical issues related to family, social relationships and\u00a0nature environment. Still photography is her main body of work but she is also working\u00a0with sound, video and writing.<\/p>\n","protected":false},"excerpt":{"rendered":"<p>Daniela Unger\u00a0(1978, Brighton) Autora mexicana con estudios en artes visuales, interesada en narrar historias desde lo autobiogr\u00e1fico. Ha participado en varias exposiciones de su trabajo de manera colectiva e individual <a class=\"more-tag\" href=\"http:\/\/danielaunger.com\/autor\/bio-2\/\">Read more&hellip;<\/a><\/p>\n","protected":false},"author":2,"featured_media":0,"parent":0,"menu_order":0,"comment_status":"closed","ping_status":"closed","template":"","meta":{"footnotes":""},"class_list":["post-1153","page","type-page","status-publish","hentry"],"_links":{"self":[{"href":"http:\/\/danielaunger.com\/autor\/wp-json\/wp\/v2\/pages\/1153","targetHints":{"allow":["GET"]}}],"collection":[{"href":"http:\/\/danielaunger.com\/autor\/wp-json\/wp\/v2\/pages"}],"about":[{"href":"http:\/\/danielaunger.com\/autor\/wp-json\/wp\/v2\/types\/page"}],"author":[{"embeddable":true,"href":"http:\/\/danielaunger.com\/autor\/wp-json\/wp\/v2\/users\/2"}],"replies":[{"embeddable":true,"href":"http:\/\/danielaunger.com\/autor\/wp-json\/wp\/v2\/comments?post=1153"}],"version-history":[{"count":19,"href":"http:\/\/danielaunger.com\/autor\/wp-json\/wp\/v2\/pages\/1153\/revisions"}],"predecessor-version":[{"id":1205,"href":"http:\/\/danielaunger.com\/autor\/wp-json\/wp\/v2\/pages\/1153\/revisions\/1205"}],"wp:attachment":[{"href":"http:\/\/danielaunger.com\/autor\/wp-json\/wp\/v2\/media?parent=1153"}],"curies":[{"name":"wp","href":"https:\/\/api.w.org\/{rel}","templated":true}]}}