{"id":543,"date":"2013-10-07T07:00:07","date_gmt":"2013-10-07T07:00:07","guid":{"rendered":"http:\/\/danielaunger.com\/autor\/?page_id=543"},"modified":"2020-09-14T18:06:54","modified_gmt":"2020-09-14T18:06:54","slug":"bio","status":"publish","type":"page","link":"http:\/\/danielaunger.com\/autor\/bio\/","title":{"rendered":"Statement"},"content":{"rendered":"<p>La fotograf\u00eda significa para mi una b\u00fasqueda interior, un di\u00e1logo conmigo misma que me ayuda a\u00a0relacionarme con el mundo.\u00a0Mi proceso est\u00e1 relacionado \u00edntimamente con mis emociones. Me interesan temas relacionados con la\u00a0densidad del tiempo y la circularidad del mismo en relaci\u00f3n con la herencia familiar. La relaci\u00f3n de la mujer\u00a0con el entorno familiar y social, con el espacio y la naturaleza. El tiempo interno de la fotograf\u00eda es un\u00a0elemento clave y vertebral en mi trabajo, y es desde este espacio interior y su relaci\u00f3n con el cuerpo-casa como\u00a0anclaje, que se derivan los aspectos psicol\u00f3gicos de mis series. El horizonte, el cuerpo, la maternidad, y la idea\u00a0de dislocaci\u00f3n y transitoriedad son elementos que van trazando ese espacio hacia adentro donde el cruce de\u00a0sujetos construyen narrativas relacionadas con \u201cestar\u201d en un espacio determinado y conectar con el tiempo en\u00a0que est\u00e1n ocurriendo las cosas. Me preocupan la vida y la muerte y tengo la inquietud de explorar campos\u00a0inciertos e indagar sobre lo que dif\u00edcilmente logro comprender.<\/p>\n<p>&nbsp;<\/p>\n<p>I make photographs to feed my concerns, my curiosity for life, meditate about them and share them with others. I realized that through photography, I am able to tell stories and transform life scenes by creating new meanings and different narratives. My interests are related with themes about identity, family, memory, the journey and territory. My process is intimately related with my emotions. I appeal to explore in personal cogitation about myself related to family, social relationships and nature environment.<\/p>\n<p>&nbsp;<\/p>\n<p>&nbsp;<\/p>\n<p>&nbsp;<\/p>\n<p>&nbsp;<\/p>\n","protected":false},"excerpt":{"rendered":"<p>La fotograf\u00eda significa para mi una b\u00fasqueda interior, un di\u00e1logo conmigo misma que me ayuda a\u00a0relacionarme con el mundo.\u00a0Mi proceso est\u00e1 relacionado \u00edntimamente con mis emociones. Me interesan temas relacionados <a class=\"more-tag\" href=\"http:\/\/danielaunger.com\/autor\/bio\/\">Read more&hellip;<\/a><\/p>\n","protected":false},"author":1,"featured_media":0,"parent":0,"menu_order":0,"comment_status":"open","ping_status":"open","template":"","meta":{"footnotes":""},"class_list":["post-543","page","type-page","status-publish","hentry"],"_links":{"self":[{"href":"http:\/\/danielaunger.com\/autor\/wp-json\/wp\/v2\/pages\/543","targetHints":{"allow":["GET"]}}],"collection":[{"href":"http:\/\/danielaunger.com\/autor\/wp-json\/wp\/v2\/pages"}],"about":[{"href":"http:\/\/danielaunger.com\/autor\/wp-json\/wp\/v2\/types\/page"}],"author":[{"embeddable":true,"href":"http:\/\/danielaunger.com\/autor\/wp-json\/wp\/v2\/users\/1"}],"replies":[{"embeddable":true,"href":"http:\/\/danielaunger.com\/autor\/wp-json\/wp\/v2\/comments?post=543"}],"version-history":[{"count":50,"href":"http:\/\/danielaunger.com\/autor\/wp-json\/wp\/v2\/pages\/543\/revisions"}],"predecessor-version":[{"id":1557,"href":"http:\/\/danielaunger.com\/autor\/wp-json\/wp\/v2\/pages\/543\/revisions\/1557"}],"wp:attachment":[{"href":"http:\/\/danielaunger.com\/autor\/wp-json\/wp\/v2\/media?parent=543"}],"curies":[{"name":"wp","href":"https:\/\/api.w.org\/{rel}","templated":true}]}}